{"id":12297,"date":"2016-02-08T20:43:06","date_gmt":"2016-02-08T19:43:06","guid":{"rendered":"https:\/\/czorsztyn.czterypory.info\/wynajem\/?page_id=12297"},"modified":"2023-01-05T09:58:35","modified_gmt":"2023-01-05T08:58:35","slug":"rezerwacja","status":"publish","type":"page","link":"https:\/\/czorsztyn.czterypory.info\/wynajem\/rezerwacja\/","title":{"rendered":"Rezerwacja"},"content":{"rendered":"<div class=\"fusion-fullwidth fullwidth-box fusion-fullwidth-1  fusion-parallax-none nonhundred-percent-fullwidth\" style=\"border-color:#eae9e9;border-bottom-width: 0px;border-top-width: 0px;border-bottom-style: solid;border-top-style: solid;padding-bottom:20px;padding-top:20px;padding-left:;padding-right:;\"><style type=\"text\/css\" scoped=\"scoped\">.fusion-fullwidth-1 {\n                            padding-left: px !important;\n                            padding-right: px !important;\n                        }<\/style><div class=\"fusion-row\"><h3 style=\"text-align: center;\"><strong>Rezerwacja domk\u00f3w w Osadzie Cztery Pory Roku Czorsztyn.<\/strong><\/h3>\n<p>&nbsp;<\/p>\n<div class=\"fusion-sep-clear\"><\/div><div class=\"fusion-separator fusion-full-width-sep sep-single\" style=\"border-color:#e0dede;border-top-width:1px;margin-left: auto;margin-right: auto;margin-top:30px;margin-bottom:30px;\"><span class=\"icon-wrapper\" style=\"border-color:#e0dede;\"><i class=\"fa fa-chevron-down\" style=\"color:#e0dede;\"><\/i><\/span><\/div><ol>\n<li>Rezerwacji domku dokona\u0107 mo\u017cna w formie elektronicznej, na adres <a href=\"mailto:czorsztyn@czterypory.info\">czorsztyn@czterypory.info<\/a>. Jest to rezerwacja wst\u0119pna, kt\u00f3ra obowi\u0105zuje do 2 dni od momentu jej zg\u0142oszenia.<\/li>\n<li>Przedp\u0142at\u0119 w wysoko\u015bci 30% warto\u015bci\u00a0 ( 50 % w przypadku rezerwacji \u015awi\u0105t, Sylwestra, d\u0142ugich weekend\u00f3w) us\u0142ugi nale\u017cy wp\u0142aci\u0107 na konto bankowe W\u0142a\u015bciciela Osady do 2 dni od momentu zg\u0142oszenia rezerwacji. Rezerwacj\u0119 uznaje si\u0119 za potwierdzon\u0105 w momencie wp\u0142ywu przedp\u0142aty na konto bankowe W\u0142a\u015bciciela Osady \u2013 w\u00f3wczas na konto mailowe osoby rezerwuj\u0105cej domek wysy\u0142ane jest potwierdzenie dokonanej rezerwacji.<\/li>\n<li>Brak wp\u0142aty przedp\u0142aty po up\u0142ywie oznaczonego w punkcie 2 terminu, automatycznie anuluje rezerwacj\u0119 wst\u0119pn\u0105.<\/li>\n<li>W przypadku rezygnacji z pobytu obj\u0119tego rezerwacj\u0105 na minimum 30 dni (do godziny 12.00) przed planowanym przyjazdem, kwota przedp\u0142aty zwracana jest w wysoko\u015bci 100% jej warto\u015bci; w przypadku rezygnacji z rezerwacji w terminie poni\u017cej 30 dni, kwota zadatku przepada . Zapis ten nie dotyczy wynajmu domk\u00f3w w okresie Bo\u017cego Narodzenia, Sylwestra i Wielkanocy &#8211; przedp\u0142aty za pobyt w tych terminach nie podlegaj\u0105 zwrotowi.<\/li>\n<\/ol>\n<\/div><\/div>\n","protected":false},"excerpt":{"rendered":"","protected":false},"author":1,"featured_media":0,"parent":0,"menu_order":0,"comment_status":"closed","ping_status":"closed","template":"100-width.php","meta":{"footnotes":""},"class_list":["post-12297","page","type-page","status-publish","hentry"],"aioseo_notices":[],"_links":{"self":[{"href":"https:\/\/czorsztyn.czterypory.info\/wynajem\/wp-json\/wp\/v2\/pages\/12297","targetHints":{"allow":["GET"]}}],"collection":[{"href":"https:\/\/czorsztyn.czterypory.info\/wynajem\/wp-json\/wp\/v2\/pages"}],"about":[{"href":"https:\/\/czorsztyn.czterypory.info\/wynajem\/wp-json\/wp\/v2\/types\/page"}],"author":[{"embeddable":true,"href":"https:\/\/czorsztyn.czterypory.info\/wynajem\/wp-json\/wp\/v2\/users\/1"}],"replies":[{"embeddable":true,"href":"https:\/\/czorsztyn.czterypory.info\/wynajem\/wp-json\/wp\/v2\/comments?post=12297"}],"version-history":[{"count":13,"href":"https:\/\/czorsztyn.czterypory.info\/wynajem\/wp-json\/wp\/v2\/pages\/12297\/revisions"}],"predecessor-version":[{"id":12511,"href":"https:\/\/czorsztyn.czterypory.info\/wynajem\/wp-json\/wp\/v2\/pages\/12297\/revisions\/12511"}],"wp:attachment":[{"href":"https:\/\/czorsztyn.czterypory.info\/wynajem\/wp-json\/wp\/v2\/media?parent=12297"}],"curies":[{"name":"wp","href":"https:\/\/api.w.org\/{rel}","templated":true}]}}