{"id":12153,"date":"2015-12-29T16:46:26","date_gmt":"2015-12-29T15:46:26","guid":{"rendered":"https:\/\/czorsztyn.czterypory.info\/wynajem\/?page_id=12153"},"modified":"2016-07-26T13:00:26","modified_gmt":"2016-07-26T11:00:26","slug":"okolica","status":"publish","type":"page","link":"https:\/\/czorsztyn.czterypory.info\/wynajem\/okolica\/","title":{"rendered":"Okolica"},"content":{"rendered":"<div class=\"fusion-fullwidth fullwidth-box fusion-fullwidth-1  fusion-parallax-none nonhundred-percent-fullwidth\" style=\"border-color:#eae9e9;border-bottom-width: 0px;border-top-width: 0px;border-bottom-style: solid;border-top-style: solid;padding-bottom:20px;padding-top:20px;padding-left:;padding-right:;\"><style type=\"text\/css\" scoped=\"scoped\">.fusion-fullwidth-1 {\n                            padding-left: px !important;\n                            padding-right: px !important;\n                        }<\/style><div class=\"fusion-row\"><div class=\"fusion-one-full fusion-layout-column fusion-column-last fusion-spacing-yes\" style=\"margin-top:0px;margin-bottom:20px;\"><div class=\"fusion-column-wrapper\"><h3 style=\"text-align: center;\"><strong>POZNAJ OKOLIC\u0118 CZORSZTYNA<\/strong><\/h3>\n<div class=\"fusion-sep-clear\"><\/div><div class=\"fusion-separator fusion-full-width-sep sep-single\" style=\"border-color:#e0dede;border-top-width:1px;margin-left: auto;margin-right: auto;margin-top:30px;margin-bottom:30px;\"><span class=\"icon-wrapper\" style=\"border-color:#e0dede;\"><i class=\"fa fa-chevron-down\" style=\"color:#e0dede;\"><\/i><\/span><\/div><p>W po\u0142udniowej cz\u0119\u015bci wojew\u00f3dztwa ma\u0142opolskiego, na granicy Gorc\u00f3w, Pienin i Spisza le\u017cy niewielki, ale jak\u017ce hojnie obdarzony przez natur\u0119 obszar Gminy Czorsztyn o powierzchni 6172 ha. P\u00f3\u0142nocna cz\u0119\u015b\u0107 gminy le\u017c\u0105ca powy\u017cej drogi \u0142\u0105cz\u0105cej Nowy Targ z Nowym S\u0105czem nale\u017cy do pasma Gorc\u00f3w z ich \u0142agodnymi, lesistymi grzbietami i falistymi dolinami potok\u00f3w. Po\u0142udniowo-wschodnia cz\u0119\u015b\u0107 to urzekaj\u0105ce kolorami Pieniny kojarzone z masywem Trzech Koron, Pieni\u0144skim Parkiem Narodowym, a przede wszystkim z Prze\u0142omem Dunajca, istnym cudem natury, s\u0142ynnym na ca\u0142\u0105 Europ\u0119 i\u00a0podziwianym przez tysi\u0119czne rzesze turyst\u00f3w, kt\u00f3rzy co roku sp\u0142ywaj\u0105 flisackimi \u0142odziami. Istotnym i bardzo atrakcyjnym elementem pieni\u0144skiego krajobrazu jest Zalew Czorszty\u0144ski. Powsta\u0142 on przez spi\u0119trzenie w\u00f3d Dunajca zapor\u0105 ziemno-betonow\u0105 o d\u0142ugo\u015bci404 miwysoko\u015bci56 m. Wody rozdzielaj\u0105ce pasmo Pienin Spiskich od Czorszty\u0144skich i stok\u00f3w gorcza\u0144skiego pasma Lubania rozci\u0105gaj\u0105 si\u0119 od zapory pod zamkiem w Niedzicy po okolice D\u0119bna. Wok\u00f3\u0142 jeziora znajduj\u0105 si\u0119 liczne miejsca do wypoczynku i w\u0119dkowania, a w rejsy wyp\u0142ywaj\u0105 statki spacerowe i gondole. Nad brzegiem zalewu na pocz\u0105tku lat 90-tych XX, z wybranych obiekt\u00f3w budownictwa ludowego i uzdrowiskowo-willowego znajduj\u0105cych si\u0119 na terenach przeznaczonych pod przysz\u0142e jezioro, powsta\u0142 skansen &#8211; Osada Turystyczna Czorsztyn. Znajduje si\u0119 tam r\u00f3wnie\u017c muzeum etnograficzne. Magnesem przyci\u0105gaj\u0105cym turyst\u00f3w do Gminy Czorsztyn s\u0105 te\u017c zagospodarowane stoki g\u00f3ry Wd\u017car: wyci\u0105gi krzese\u0142kowe i orczykowe, trasy dla narciarzy i snowboardzist\u00f3w, alpejska zje\u017cd\u017calnia, mini zoo, anomalie magnetyczne. Nieopodal na Prze\u0142\u0119czy Snozka znajduje si\u0119 pomnik W\u0142adys\u0142awa Hasiora \u2013 Graj\u0105ce organy. K\u0142adka rowerowo-piesza w Sromowcach Ni\u017cnych, kt\u00f3ra po\u0142\u0105czy\u0142a dwa brzegi Dunajca, po polskiej i\u00a0s\u0142owackiej stronie przyczyni\u0142a si\u0119 do o\u017cywienia ruchu turystycznego pomi\u0119dzy obu krajami. Dzi\u0119ki tej 120 metrowej konstrukcji powsta\u0142a atrakcyjna p\u0119tla turystyczna \u0142\u0105cz\u0105ca drog\u0119 od Szczawnicy i Czerwonego Klasztoru ze szlakami turystycznymi na Sokolic\u0119 i Trzy Korony. Ale Ziemia Czorszty\u0144ska to tak\u017ce r\u00f3\u017cnorodno\u015b\u0107 i bogactwo wydarze\u0144 historycznych. Zamek w Czorsztynie wzniesiony oko\u0142o 1350 r. przez Kazimierza Wielkiego strzeg\u0142 po\u0142udniowych granic Polski. T\u0119dy przeje\u017cd\u017cali kupcy z po\u0142udniowej Europy, a tak\u017ce orszaki kr\u00f3lewskie. Tu w Pieninach przebywa\u0142a \u015awi\u0119ta Kinga, a z okien zamkowych patrzy\u0142a na wody Dunajca m\u0142odziutka Jadwiga, przysz\u0142a kr\u00f3lowa. By\u0142 tutaj W\u0142adys\u0142aw Jagie\u0142\u0142o, a tak\u017ce jego syn W\u0142adys\u0142aw Warne\u0144czyk, bywali s\u0142awni rycerze (Zawisza Czarny) i senatorowie Rzeczpospolitej. W 1790 r. pot\u0119\u017cny po\u017car strawi\u0142 dachy i od tego czasu budowla zacz\u0119\u0142a podupada\u0107. Po g\u00f3rskiej fortecy pozosta\u0142y malownicze, postrz\u0119pione ruiny, kt\u00f3rych najwa\u017cniejsz\u0105 cz\u0119\u015b\u0107 stanowi masywna czworoboczna wie\u017ca i przylegaj\u0105ce do niej mury dawnych pomieszcze\u0144 mieszkalnych. Cz\u0119\u015bciowo zrekonstruowane piwnice mieszcz\u0105 ekspozycj\u0119 muzealn\u0105. Wie\u015b CZORSZTYN stanowi doskona\u0142\u0105 baz\u0119 wypadow\u0105 w Pieniny i Gorce. Pi\u0119kne krajobrazy, blisko\u015b\u0107 ruin zamku i brzeg\u00f3w Jeziora Czorszty\u0144skiego, wyci\u0105g narciarski oraz tradycyjna go\u015bcinno\u015b\u0107 mieszka\u0144c\u00f3w, od wiek\u00f3w goszcz\u0105cych turyst\u00f3w, sprawiaj\u0105, ze do Czorsztyna z roku na rok \u015bci\u0105ga coraz wi\u0119cej zadowolonych turyst\u00f3w.<\/p>\n<h4>ATRAKCJE TURYSTYCZNE:<\/h4>\n<ul>\n<li>ruiny Zamku w Czorsztynie,<\/li>\n<li>wypo\u017cyczalnie rower\u00f3w,<\/li>\n<li>wypo\u017cyczalnie sprz\u0119tu p\u0142ywaj\u0105cego,<\/li>\n<li><a href=\"http:\/\/www.czorsztyn-ski.com.pl\/\" target=\"_blank\">wyci\u0105g narciarski<\/a>,<\/li>\n<li><a href=\"http:\/\/zalewczorsztynski.com\/\" target=\"_blank\">rejsy po jeziorze gondol\u0105, przystanie wodne,<\/a><\/li>\n<li>pawilon wystawowy PPN,<\/li>\n<li>bac\u00f3wka \u2013 sprzeda\u017c wyrob\u00f3w z mleka owczego,<\/li>\n<li>szlaki turystyczne w Pieniny i Gorce.<\/li>\n<\/ul>\n<h4>Ruiny\u00a0zamku\u00a0w Czorsztynie<\/h4>\n<p>Najstarsze cz\u0119\u015bci zamku w Czorsztynie pochodz\u0105 z po\u0142owy XIII wieku. Z tego okresu pochodz\u0105 pierwsze wzmianki o \u201ecastrum Wronyn\u201d. Nazwa \u201eCzorsztyn\u201d pojawia si\u0119 w po\u0142owie XIV wieku. Za czas\u00f3w Kazimierza Wielkiego\u00a0 wybudowane zosta\u0142y mury obwodowe, a w XV wieku dolny zamek i brama. W XVII wieku starosta Jan Baranowski odrestaurowa\u0142 zamek i dobudowa\u0142 dwie nowe baszty. Zamek z racji po\u0142o\u017cenia przy historycznym trakcie handlowym posiada bardzo bogat\u0105 histori\u0119. Odwiedzany by\u0142 przez wiele \u00f3wczesnych znakomito\u015bci, wliczaj\u0105c w to nawet kr\u00f3l\u00f3w. Bawili tu: Kazimierz Wielki, Ludwik W\u0119gierski, kr\u00f3lowa Jadwiga, W\u0142adys\u0142aw Jagie\u0142\u0142o (starost\u0105 ma zamku by\u0142 sam Zawisza Czarny) oraz W\u0142adys\u0142aw Warne\u0144czyk. Schronienia w zamku szukali husyci, Jan Kazimierz uciekaj\u0105cy przed Szwedami, powsta\u0144cy Kostki Napierskiego, kozacy i konfederaci barscy. Pod koniec XVIII wieku zamek sp\u0142on\u0105\u0142 od uderzenia pioruna i zacz\u0105\u0142 popada\u0107 w ruin\u0119. W ko\u0144cu XIX wieku zapocz\u0105tkowano prace restauratorskie. Prowadzone s\u0105 one do dzi\u015b, obecnie dzi\u0119ki staraniom aktualnego gospodarza zamku, czyli Pieni\u0144skiego Parku Narodowego. Do zwiedzania udost\u0119pnione s\u0105 przyziemia Baszty Baranowskiego, zamku \u015bredniego i g\u0142\u00f3wnego. Z tarasu widokowego rozci\u0105ga si\u0119 pi\u0119kny widok na Jezioro Czorszty\u0144skie, Tatry i rezerwat \u201eZielone Ska\u0142ki\u201d. Na wzg\u00f3rzu zamkowym rosn\u0105 liczne okazy pszonaka pieni\u0144skiego \u2013 gatunku endemicznego \u2013 wyst\u0119puj\u0105cego wy\u0142\u0105cznie w Pieninach.<\/p>\n<div class=\"fusion-clearfix\"><\/div><\/div><\/div><div class=\"fusion-clearfix\"><\/div><\/div><\/div>\n","protected":false},"excerpt":{"rendered":"","protected":false},"author":1,"featured_media":0,"parent":0,"menu_order":0,"comment_status":"closed","ping_status":"closed","template":"100-width.php","meta":{"footnotes":""},"class_list":["post-12153","page","type-page","status-publish","hentry"],"aioseo_notices":[],"_links":{"self":[{"href":"https:\/\/czorsztyn.czterypory.info\/wynajem\/wp-json\/wp\/v2\/pages\/12153","targetHints":{"allow":["GET"]}}],"collection":[{"href":"https:\/\/czorsztyn.czterypory.info\/wynajem\/wp-json\/wp\/v2\/pages"}],"about":[{"href":"https:\/\/czorsztyn.czterypory.info\/wynajem\/wp-json\/wp\/v2\/types\/page"}],"author":[{"embeddable":true,"href":"https:\/\/czorsztyn.czterypory.info\/wynajem\/wp-json\/wp\/v2\/users\/1"}],"replies":[{"embeddable":true,"href":"https:\/\/czorsztyn.czterypory.info\/wynajem\/wp-json\/wp\/v2\/comments?post=12153"}],"version-history":[{"count":6,"href":"https:\/\/czorsztyn.czterypory.info\/wynajem\/wp-json\/wp\/v2\/pages\/12153\/revisions"}],"predecessor-version":[{"id":12388,"href":"https:\/\/czorsztyn.czterypory.info\/wynajem\/wp-json\/wp\/v2\/pages\/12153\/revisions\/12388"}],"wp:attachment":[{"href":"https:\/\/czorsztyn.czterypory.info\/wynajem\/wp-json\/wp\/v2\/media?parent=12153"}],"curies":[{"name":"wp","href":"https:\/\/api.w.org\/{rel}","templated":true}]}}