{"id":12095,"date":"2015-12-29T14:26:41","date_gmt":"2015-12-29T13:26:41","guid":{"rendered":"https:\/\/czorsztyn.czterypory.info\/wynajem\/?page_id=12095"},"modified":"2025-12-19T08:14:03","modified_gmt":"2025-12-19T07:14:03","slug":"cennik","status":"publish","type":"page","link":"https:\/\/czorsztyn.czterypory.info\/wynajem\/cennik\/","title":{"rendered":"Cennik"},"content":{"rendered":"<div class=\"fusion-fullwidth fullwidth-box fusion-fullwidth-1  fusion-parallax-none nonhundred-percent-fullwidth\" style=\"border-color:#eae9e9;border-bottom-width: 0px;border-top-width: 0px;border-bottom-style: solid;border-top-style: solid;padding-bottom:20px;padding-top:20px;padding-left:;padding-right:;\"><style type=\"text\/css\" scoped=\"scoped\">.fusion-fullwidth-1 {\n                            padding-left: px !important;\n                            padding-right: px !important;\n                        }<\/style><div class=\"fusion-row\"><div class=\"fusion-sep-clear\"><\/div><div class=\"fusion-separator fusion-full-width-sep sep-none\" style=\"border-color:#e0dede;margin-left: auto;margin-right: auto;margin-top:;\"><\/div><h3 style=\"text-align: center;\"><\/h3>\n<h3 style=\"text-align: center;\"><strong>BYSTRZYK, CIS\u00d3WKA<\/strong><\/h3>\n<div class=\"fusion-sep-clear\"><\/div><div class=\"fusion-separator fusion-full-width-sep sep-single\" style=\"border-color:#e0dede;border-top-width:1px;margin-left: auto;margin-right: auto;margin-top:20px;margin-bottom:20px;\"><span class=\"icon-wrapper\" style=\"border-color:#e0dede;\"><i class=\"fa fa-chevron-down\" style=\"color:#e0dede;\"><\/i><\/span><\/div><\/div><\/div><div class=\"fusion-one-sixth fusion-layout-column fusion-spacing-yes\" style=\"margin-top:0px;margin-bottom:20px;\"><div class=\"fusion-column-wrapper\"><h4 style=\"text-align: center;\"><strong>STYCZE\u0143 &#8211; LUTY<\/strong><\/h4>\n<div class=\"imageframe-align-center\"><span class=\"fusion-imageframe imageframe-none imageframe-1 hover-type-none\"> <img decoding=\"async\" src=\"http:\/\/czorsztyn.czterypory.info\/wynajem\/wp-content\/uploads\/2015\/12\/ikona.png\" alt=\"\" class=\"img-responsive\"\/><\/span><\/div><p style=\"text-align: center;\"><strong>4 osoby 2-6 dni: 800,00 z\u0142\/dob\u0119 , 7 dni 780z\u0142\/dob\u0119,<\/strong> ka\u017cda nast\u0119pna osoba: 60,00 z\u0142\/dob\u0119 (maksymalnie 6 os\u00f3b)<\/p>\n<p>&nbsp;<\/p>\n<div class=\"fusion-clearfix\"><\/div><\/div><\/div><div class=\"fusion-one-sixth fusion-layout-column fusion-spacing-yes\" style=\"margin-top:0px;margin-bottom:20px;\"><div class=\"fusion-column-wrapper\"><h4 style=\"text-align: center;\"><strong>MARZEC &#8211; KWIECIE\u0143<\/strong><\/h4>\n<div class=\"imageframe-align-center\"><span class=\"fusion-imageframe imageframe-none imageframe-2 hover-type-none\"> <img decoding=\"async\" src=\"http:\/\/czorsztyn.czterypory.info\/wynajem\/wp-content\/uploads\/2015\/12\/wiosna.png\" alt=\"\" class=\"img-responsive\"\/><\/span><\/div><p style=\"text-align: center;\"><strong>4 osoby: 65<\/strong><strong>0,00 z\u0142\/dob\u0119<\/strong> ka\u017cda nast\u0119pna osoba: 60,00 z\u0142\/dob\u0119 (maksymalnie 6 os\u00f3b)<\/p>\n<div class=\"fusion-clearfix\"><\/div><\/div><\/div><div class=\"fusion-one-sixth fusion-layout-column fusion-spacing-yes\" style=\"margin-top:0px;margin-bottom:20px;\"><div class=\"fusion-column-wrapper\"><h4 style=\"text-align: center;\"><strong>MAJ<\/strong><\/h4>\n<div class=\"imageframe-align-center\"><span class=\"fusion-imageframe imageframe-none imageframe-3 hover-type-none\"> <img decoding=\"async\" src=\"http:\/\/czorsztyn.czterypory.info\/wynajem\/wp-content\/uploads\/2015\/12\/wiosna.png\" alt=\"\" class=\"img-responsive\"\/><\/span><\/div><p style=\"text-align: center;\"><strong>4 osoby: 650,00 z\u0142\/dob\u0119<\/strong> ka\u017cda nast\u0119pna osoba: 60,00 z\u0142\/dob\u0119 (maksymalnie 6 os\u00f3b)<\/p>\n<div class=\"fusion-clearfix\"><\/div><\/div><\/div><div class=\"fusion-one-sixth fusion-layout-column fusion-spacing-yes\" style=\"margin-top:0px;margin-bottom:20px;\"><div class=\"fusion-column-wrapper\"><h4 style=\"text-align: center;\"><strong>CZERWIEC<\/strong><\/h4>\n<div class=\"imageframe-align-center\"><span class=\"fusion-imageframe imageframe-none imageframe-4 hover-type-none\"> <img decoding=\"async\" src=\"http:\/\/czorsztyn.czterypory.info\/wynajem\/wp-content\/uploads\/2015\/12\/lato.png\" alt=\"\" class=\"img-responsive\"\/><\/span><\/div><p style=\"text-align: center;\"><strong>4 osoby: 68<\/strong><strong>0,00 z\u0142\/dob\u0119<\/strong> ka\u017cda nast\u0119pna osoba: 60,00 z\u0142\/dob\u0119 (maksymalnie 6 os\u00f3b)<\/p>\n<div class=\"fusion-clearfix\"><\/div><\/div><\/div><div class=\"fusion-one-sixth fusion-layout-column fusion-spacing-yes\" style=\"margin-top:0px;margin-bottom:20px;\"><div class=\"fusion-column-wrapper\"><h4 style=\"text-align: center;\"><strong>LIPIEC SIERPIE\u0143<\/strong><\/h4>\n<div class=\"imageframe-align-center\"><span class=\"fusion-imageframe imageframe-none imageframe-5 hover-type-none\"> <img decoding=\"async\" src=\"http:\/\/czorsztyn.czterypory.info\/wynajem\/wp-content\/uploads\/2015\/12\/lato.png\" alt=\"\" class=\"img-responsive\"\/><\/span><\/div><p style=\"text-align: center;\"><strong>4 osoby: 700,00 z\u0142\/dob\u0119<\/strong> ka\u017cda nast\u0119pna osoba: 60,00 z\u0142\/dob\u0119 (maksymalnie 6 os\u00f3b)<\/p>\n<div class=\"fusion-clearfix\"><\/div><\/div><\/div><div class=\"fusion-one-sixth fusion-layout-column fusion-column-last fusion-spacing-yes\" style=\"margin-top:0px;margin-bottom:20px;\"><div class=\"fusion-column-wrapper\"><h4 style=\"text-align: center;\"><strong>WRZESIE\u0143<\/strong><\/h4>\n<div class=\"imageframe-align-center\"><span class=\"fusion-imageframe imageframe-none imageframe-6 hover-type-none\"> <img decoding=\"async\" src=\"http:\/\/czorsztyn.czterypory.info\/wynajem\/wp-content\/uploads\/2015\/12\/jesien.png\" alt=\"\" class=\"img-responsive\"\/><\/span><\/div><p style=\"text-align: center;\"><strong>4 osoby: 680,00 z\u0142\/dob\u0119<\/strong> ka\u017cda nast\u0119pna osoba: 60,00 z\u0142\/dob\u0119 (maksymalnie 6 os\u00f3b)<\/p>\n<div class=\"fusion-clearfix\"><\/div><\/div><\/div><div class=\"fusion-clearfix\"><\/div><div class=\"fusion-one-sixth fusion-layout-column fusion-spacing-yes\" style=\"margin-top:0px;margin-bottom:20px;\"><div class=\"fusion-column-wrapper\"><h4 style=\"text-align: center;\"><strong>PA\u0179DZIERNIK<\/strong><\/h4>\n<h4 style=\"text-align: center;\"><\/h4>\n<div class=\"imageframe-align-center\"><span class=\"fusion-imageframe imageframe-none imageframe-7 hover-type-none\"> <img decoding=\"async\" src=\"http:\/\/czorsztyn.czterypory.info\/wynajem\/wp-content\/uploads\/2015\/12\/jesien.png\" alt=\"\" class=\"img-responsive\"\/><\/span><\/div><p style=\"text-align: center;\"><strong>4 osoby: 650,00 z\u0142\/dob\u0119<\/strong> ka\u017cda nast\u0119pna osoba: 60,00 z\u0142\/dob\u0119 (maksymalnie 6 os\u00f3b)<\/p>\n<div class=\"fusion-clearfix\"><\/div><\/div><\/div><div class=\"fusion-one-sixth fusion-layout-column fusion-spacing-yes\" style=\"margin-top:0px;margin-bottom:20px;\"><div class=\"fusion-column-wrapper\"><h4 style=\"text-align: center;\"><strong>LISTOPAD-GRUDZIE\u0143<\/strong><\/h4>\n<div class=\"imageframe-align-center\"><span class=\"fusion-imageframe imageframe-none imageframe-8 hover-type-none\"> <img decoding=\"async\" src=\"http:\/\/czorsztyn.czterypory.info\/wynajem\/wp-content\/uploads\/2015\/12\/jesien.png\" alt=\"\" class=\"img-responsive\"\/><\/span><\/div><p style=\"text-align: center;\"><strong>4 osoby: 650,00 z\u0142\/dob\u0119<\/strong> ka\u017cda nast\u0119pna osoba: 60,00 z\u0142\/dob\u0119 (maksymalnie 6 os\u00f3b)<\/p>\n<div class=\"fusion-clearfix\"><\/div><\/div><\/div><div class=\"fusion-one-sixth fusion-layout-column fusion-spacing-yes\" style=\"margin-top:0px;margin-bottom:20px;\"><div class=\"fusion-column-wrapper\"><h4 style=\"text-align: center;\"><strong>D\u0141UGIE WEEKENDY <\/strong><\/h4>\n<div class=\"imageframe-align-center\"><span class=\"fusion-imageframe imageframe-none imageframe-9 hover-type-none\"> <img decoding=\"async\" src=\"http:\/\/czorsztyn.czterypory.info\/wynajem\/wp-content\/uploads\/2015\/12\/ikona-poza.png\" alt=\"\" class=\"img-responsive\"\/><\/span><\/div><p style=\"text-align: center;\"><strong>cena za wynajem ca\u0142ego domku (maksymalnie 6 os\u00f3b): 900,00 z\u0142\/dob\u0119<\/strong><\/p>\n<div class=\"fusion-clearfix\"><\/div><\/div><\/div><div class=\"fusion-one-sixth fusion-layout-column fusion-spacing-yes\" style=\"margin-top:0px;margin-bottom:20px;\"><div class=\"fusion-column-wrapper\"><h4 style=\"text-align: center;\"><strong>WIELKANOC<\/strong><\/h4>\n<div class=\"imageframe-align-center\"><span class=\"fusion-imageframe imageframe-none imageframe-10 hover-type-none\"> <img decoding=\"async\" src=\"http:\/\/czorsztyn.czterypory.info\/wynajem\/wp-content\/uploads\/2015\/12\/ikona-rab.png\" alt=\"\" class=\"img-responsive\"\/><\/span><\/div><p style=\"text-align: center;\"><strong>cena za wynajem ca\u0142ego domku (maksymalnie 6 os\u00f3b): 900,00 z\u0142\/dob\u0119<\/strong><\/p>\n<div class=\"fusion-clearfix\"><\/div><\/div><\/div><div class=\"fusion-one-sixth fusion-layout-column fusion-spacing-yes\" style=\"margin-top:0px;margin-bottom:20px;\"><div class=\"fusion-column-wrapper\"><h4 style=\"text-align: center;\"><strong>BO\u017bE NARODZENIE<\/strong><\/h4>\n<div class=\"imageframe-align-center\"><span class=\"fusion-imageframe imageframe-none imageframe-11 hover-type-none\"> <img decoding=\"async\" src=\"http:\/\/czorsztyn.czterypory.info\/wynajem\/wp-content\/uploads\/2015\/12\/ikona2.png\" alt=\"\" class=\"img-responsive\"\/><\/span><\/div><p style=\"text-align: center;\"><strong>cena za wynajem ca\u0142ego domku (maksymalnie 6 os\u00f3b): 1.100,00 z\u0142\/dob\u0119<\/strong><\/p>\n<div class=\"fusion-clearfix\"><\/div><\/div><\/div><div class=\"fusion-one-sixth fusion-layout-column fusion-column-last fusion-spacing-yes\" style=\"margin-top:0px;margin-bottom:20px;\"><div class=\"fusion-column-wrapper\"><h4 style=\"text-align: center;\"><strong>SYLWESTER<\/strong><\/h4>\n<div class=\"imageframe-align-center\"><span class=\"fusion-imageframe imageframe-none imageframe-12 hover-type-none\"> <img decoding=\"async\" src=\"http:\/\/czorsztyn.czterypory.info\/wynajem\/wp-content\/uploads\/2015\/12\/ikona-kiel.png\" alt=\"\" class=\"img-responsive\"\/><\/span><\/div><p style=\"text-align: center;\"><strong>cena za wynajem ca\u0142ego domku (maksymalnie 6 os\u00f3b): 1.300,00 z\u0142\/dob\u0119<\/strong><\/p>\n<div class=\"fusion-clearfix\"><\/div><\/div><\/div><div class=\"fusion-clearfix\"><\/div><div class=\"fusion-one-sixth fusion-layout-column fusion-spacing-yes\" style=\"margin-top:0px;margin-bottom:20px;\"><div class=\"fusion-column-wrapper\"><div class=\"fusion-clearfix\"><\/div><\/div><\/div><div class=\"fusion-one-sixth fusion-layout-column fusion-spacing-yes\" style=\"margin-top:0px;margin-bottom:20px;\"><div class=\"fusion-column-wrapper\"><div class=\"fusion-clearfix\"><\/div><\/div><\/div><div class=\"fusion-one-sixth fusion-layout-column fusion-spacing-yes\" style=\"margin-top:0px;margin-bottom:20px;\"><div class=\"fusion-column-wrapper\"><div class=\"fusion-clearfix\"><\/div><\/div><\/div><div class=\"fusion-one-sixth fusion-layout-column fusion-column-last fusion-spacing-yes\" style=\"margin-top:0px;margin-bottom:20px;\"><div class=\"fusion-column-wrapper\"><div class=\"fusion-clearfix\"><\/div><\/div><\/div><div class=\"fusion-clearfix\"><\/div><div class=\"fusion-fullwidth fullwidth-box fusion-fullwidth-2  fusion-parallax-none nonhundred-percent-fullwidth\" style=\"border-color:#eae9e9;border-bottom-width: 0px;border-top-width: 0px;border-bottom-style: solid;border-top-style: solid;padding-bottom:20px;padding-top:20px;padding-left:;padding-right:;\"><style type=\"text\/css\" scoped=\"scoped\">.fusion-fullwidth-2 {\n                            padding-left: px !important;\n                            padding-right: px !important;\n                        }<\/style><div class=\"fusion-row\"><div class=\"fusion-sep-clear\"><\/div><div class=\"fusion-separator fusion-full-width-sep sep-none\" style=\"border-color:#e0dede;margin-left: auto;margin-right: auto;margin-top:;\"><\/div><h3 style=\"text-align: center;\"><strong>SOKOLICA<\/strong><\/h3>\n<div class=\"fusion-sep-clear\"><\/div><div class=\"fusion-separator fusion-full-width-sep sep-single\" style=\"border-color:#e0dede;border-top-width:1px;margin-left: auto;margin-right: auto;margin-top:20px;margin-bottom:20px;\"><span class=\"icon-wrapper\" style=\"border-color:#e0dede;\"><i class=\"fa fa-chevron-down\" style=\"color:#e0dede;\"><\/i><\/span><\/div><\/div><\/div><div class=\"fusion-one-sixth fusion-layout-column fusion-spacing-yes\" style=\"margin-top:0px;margin-bottom:20px;\"><div class=\"fusion-column-wrapper\"><h4 style=\"text-align: center;\"><strong>STYCZE\u0143 &#8211; LUTY<\/strong><\/h4>\n<div class=\"imageframe-align-center\"><span class=\"fusion-imageframe imageframe-none imageframe-13 hover-type-none\"> <img decoding=\"async\" src=\"http:\/\/czorsztyn.czterypory.info\/wynajem\/wp-content\/uploads\/2015\/12\/ikona.png\" alt=\"\" class=\"img-responsive\"\/><\/span><\/div><p style=\"text-align: center;\"><strong>8 os\u00f3b\u00a0 2-6 dni: 1.290,00 z\u0142\/dob\u0119,<\/strong><strong> 7 dni: 1.260,00 z\u0142\/dob\u0119 <\/strong>\u00a0ka\u017cda nast\u0119pna osoba: 60,00 z\u0142\/dob\u0119 (max.12 os\u00f3b)<\/p>\n<p><strong>\u00a0 \u00a0 \u00a0 \u00a0 \u00a0 \u00a0 \u00a0 \u00a0 \u00a0 \u00a0 \u00a0 \u00a0 \u00a0 \u00a0 \u00a0\u00a0<\/strong><\/p>\n<div class=\"fusion-clearfix\"><\/div><\/div><\/div><div class=\"fusion-one-sixth fusion-layout-column fusion-spacing-yes\" style=\"margin-top:0px;margin-bottom:20px;\"><div class=\"fusion-column-wrapper\"><h4 style=\"text-align: center;\"><strong>MARZEC &#8211; KWIECIE\u0143<\/strong><\/h4>\n<div class=\"imageframe-align-center\"><span class=\"fusion-imageframe imageframe-none imageframe-14 hover-type-none\"> <img decoding=\"async\" src=\"http:\/\/czorsztyn.czterypory.info\/wynajem\/wp-content\/uploads\/2015\/12\/wiosna.png\" alt=\"\" class=\"img-responsive\"\/><\/span><\/div><p style=\"text-align: center;\"><strong>8 os\u00f3b: 1.000,00 z\u0142\/dob\u0119<\/strong> ka\u017cda nast\u0119pna osoba: 60,00 z\u0142\/dob\u0119 (max.12 os\u00f3b)<\/p>\n<div class=\"fusion-clearfix\"><\/div><\/div><\/div><div class=\"fusion-one-sixth fusion-layout-column fusion-spacing-yes\" style=\"margin-top:0px;margin-bottom:20px;\"><div class=\"fusion-column-wrapper\"><h4 style=\"text-align: center;\"><strong>MAJ<\/strong><\/h4>\n<div class=\"imageframe-align-center\"><span class=\"fusion-imageframe imageframe-none imageframe-15 hover-type-none\"> <img decoding=\"async\" src=\"http:\/\/czorsztyn.czterypory.info\/wynajem\/wp-content\/uploads\/2015\/12\/wiosna.png\" alt=\"\" class=\"img-responsive\"\/><\/span><\/div><p style=\"text-align: center;\"><strong>8 os\u00f3b: 1.000,00 z\u0142\/dob\u0119<\/strong> ka\u017cda nast\u0119pna osoba: 60,00 z\u0142\/dob\u0119 (max.12 os\u00f3b)<\/p>\n<div class=\"fusion-clearfix\"><\/div><\/div><\/div><div class=\"fusion-one-sixth fusion-layout-column fusion-spacing-yes\" style=\"margin-top:0px;margin-bottom:20px;\"><div class=\"fusion-column-wrapper\"><h4 style=\"text-align: center;\"><strong>CZERWIEC<\/strong><\/h4>\n<div class=\"imageframe-align-center\"><span class=\"fusion-imageframe imageframe-none imageframe-16 hover-type-none\"> <img decoding=\"async\" src=\"http:\/\/czorsztyn.czterypory.info\/wynajem\/wp-content\/uploads\/2015\/12\/lato.png\" alt=\"\" class=\"img-responsive\"\/><\/span><\/div><p style=\"text-align: center;\"><strong>8 os\u00f3b: 1.100,00 z\u0142\/dob\u0119<\/strong> ka\u017cda nast\u0119pna osoba: 60,00 z\u0142\/dob\u0119 (max.12 os\u00f3b)<\/p>\n<div class=\"fusion-clearfix\"><\/div><\/div><\/div><div class=\"fusion-one-sixth fusion-layout-column fusion-spacing-yes\" style=\"margin-top:0px;margin-bottom:20px;\"><div class=\"fusion-column-wrapper\"><h4 style=\"text-align: center;\"><strong>LIPIEC-SIERPIE\u0143<\/strong><\/h4>\n<div class=\"imageframe-align-center\"><span class=\"fusion-imageframe imageframe-none imageframe-17 hover-type-none\"> <img decoding=\"async\" src=\"http:\/\/czorsztyn.czterypory.info\/wynajem\/wp-content\/uploads\/2015\/12\/lato.png\" alt=\"\" class=\"img-responsive\"\/><\/span><\/div><p style=\"text-align: center;\"><strong>8 os\u00f3b: 1.1500,00 z\u0142\/dob\u0119<\/strong> ka\u017cda nast\u0119pna osoba: 60,00 z\u0142\/dob\u0119 (max.12 os\u00f3b)<\/p>\n<div class=\"fusion-clearfix\"><\/div><\/div><\/div><div class=\"fusion-one-sixth fusion-layout-column fusion-column-last fusion-spacing-yes\" style=\"margin-top:0px;margin-bottom:20px;\"><div class=\"fusion-column-wrapper\"><h4 style=\"text-align: center;\"><strong>WRZESIE\u0143<\/strong><\/h4>\n<div class=\"imageframe-align-center\"><span class=\"fusion-imageframe imageframe-none imageframe-18 hover-type-none\"> <img decoding=\"async\" src=\"http:\/\/czorsztyn.czterypory.info\/wynajem\/wp-content\/uploads\/2015\/12\/jesien.png\" alt=\"\" class=\"img-responsive\"\/><\/span><\/div><p style=\"text-align: center;\"><strong>8 os\u00f3b: 1.100,00 z\u0142\/dob\u0119<\/strong> ka\u017cda nast\u0119pna osoba: 60,00 z\u0142\/dob\u0119 (max.12 os\u00f3b)<\/p>\n<div class=\"fusion-clearfix\"><\/div><\/div><\/div><div class=\"fusion-clearfix\"><\/div><div class=\"fusion-one-sixth fusion-layout-column fusion-spacing-yes\" style=\"margin-top:0px;margin-bottom:20px;\"><div class=\"fusion-column-wrapper\"><h4 style=\"text-align: center;\"><strong>PA\u0179DZIERNIK<\/strong><\/h4>\n<div class=\"imageframe-align-center\"><span class=\"fusion-imageframe imageframe-none imageframe-19 hover-type-none\"> <img decoding=\"async\" src=\"http:\/\/czorsztyn.czterypory.info\/wynajem\/wp-content\/uploads\/2015\/12\/jesien.png\" alt=\"\" class=\"img-responsive\"\/><\/span><\/div><p style=\"text-align: center;\"><strong>8 os\u00f3b: 1.000,00 z\u0142\/dob\u0119<\/strong> 9-12 osoba: 60,00 z\u0142\/dob\u0119 (max.12 os\u00f3b)<\/p>\n<div class=\"fusion-clearfix\"><\/div><\/div><\/div><div class=\"fusion-one-sixth fusion-layout-column fusion-spacing-yes\" style=\"margin-top:0px;margin-bottom:20px;\"><div class=\"fusion-column-wrapper\"><h4 style=\"text-align: center;\"><strong>LISTOPAD &#8211; GRUDZIE\u0143<\/strong><\/h4>\n<div class=\"imageframe-align-center\"><span class=\"fusion-imageframe imageframe-none imageframe-20 hover-type-none\"> <img decoding=\"async\" src=\"http:\/\/czorsztyn.czterypory.info\/wynajem\/wp-content\/uploads\/2015\/12\/jesien.png\" alt=\"\" class=\"img-responsive\"\/><\/span><\/div><p style=\"text-align: center;\"><strong>8 os\u00f3b: 960,00 z\u0142\/dob\u0119<\/strong> 9-12 osoba: 60,00 z\u0142\/dob\u0119 (max.12 os\u00f3b)<\/p>\n<div class=\"fusion-clearfix\"><\/div><\/div><\/div><div class=\"fusion-one-sixth fusion-layout-column fusion-spacing-yes\" style=\"margin-top:0px;margin-bottom:20px;\"><div class=\"fusion-column-wrapper\"><h4 style=\"text-align: center;\"><strong>BO\u017bE NARODZENIE<\/strong><\/h4>\n<div class=\"imageframe-align-center\"><span class=\"fusion-imageframe imageframe-none imageframe-21 hover-type-none\"> <img decoding=\"async\" src=\"http:\/\/czorsztyn.czterypory.info\/wynajem\/wp-content\/uploads\/2015\/12\/ikona2.png\" alt=\"\" class=\"img-responsive\"\/><\/span><\/div><p style=\"text-align: center;\"><strong>cena za wynajem ca\u0142ego domku (maksymalnie 12 os\u00f3b): 1.600,00 z\u0142\/dob\u0119<\/strong><\/p>\n<div class=\"fusion-clearfix\"><\/div><\/div><\/div><div class=\"fusion-one-sixth fusion-layout-column fusion-spacing-yes\" style=\"margin-top:0px;margin-bottom:20px;\"><div class=\"fusion-column-wrapper\"><h4 style=\"text-align: center;\"><strong>SYLWESTER<\/strong><\/h4>\n<div class=\"imageframe-align-center\"><span class=\"fusion-imageframe imageframe-none imageframe-22 hover-type-none\"> <img decoding=\"async\" src=\"http:\/\/czorsztyn.czterypory.info\/wynajem\/wp-content\/uploads\/2015\/12\/ikona-kiel.png\" alt=\"\" class=\"img-responsive\"\/><\/span><\/div><p style=\"text-align: center;\"><strong>cena za wynajem ca\u0142ego domku (maksymalnie 12 os\u00f3b) 2.000,00 z\u0142\/dob\u0119<\/strong><\/p>\n<div class=\"fusion-clearfix\"><\/div><\/div><\/div><div class=\"fusion-one-sixth fusion-layout-column fusion-spacing-yes\" style=\"margin-top:0px;margin-bottom:20px;\"><div class=\"fusion-column-wrapper\"><h4 style=\"text-align: center;\"><strong>D\u0141UGIE WEEKENDY <\/strong><\/h4>\n<div class=\"imageframe-align-center\"><span class=\"fusion-imageframe imageframe-none imageframe-23 hover-type-none\"> <img decoding=\"async\" src=\"http:\/\/czorsztyn.czterypory.info\/wynajem\/wp-content\/uploads\/2015\/12\/ikona-poza.png\" alt=\"\" class=\"img-responsive\"\/><\/span><\/div><p style=\"text-align: center;\"><strong>cena za wynajem ca\u0142ego domku (maksymalnie 12 os\u00f3b) 1.550,00 z\u0142\/dob\u0119<\/strong><\/p>\n<div class=\"fusion-clearfix\"><\/div><\/div><\/div><div class=\"fusion-one-sixth fusion-layout-column fusion-column-last fusion-spacing-yes\" style=\"margin-top:0px;margin-bottom:20px;\"><div class=\"fusion-column-wrapper\"><h4 style=\"text-align: center;\"><strong>WIELKANOC<\/strong><\/h4>\n<div class=\"imageframe-align-center\"><span class=\"fusion-imageframe imageframe-none imageframe-24 hover-type-none\"> <img decoding=\"async\" src=\"http:\/\/czorsztyn.czterypory.info\/wynajem\/wp-content\/uploads\/2015\/12\/ikona-rab.png\" alt=\"\" class=\"img-responsive\"\/><\/span><\/div><p style=\"text-align: center;\"><strong>cena za wynajem ca\u0142ego domku (maksymalnie 12 os\u00f3b) 1.550,00 z\u0142\/dob\u0119<\/strong><\/p>\n<div class=\"fusion-clearfix\"><\/div><\/div><\/div><div class=\"fusion-clearfix\"><\/div><div class=\"fusion-one-sixth fusion-layout-column fusion-spacing-yes\" style=\"margin-top:0px;margin-bottom:20px;\"><div class=\"fusion-column-wrapper\"><div class=\"fusion-clearfix\"><\/div><\/div><\/div><div class=\"fusion-one-sixth fusion-layout-column fusion-spacing-yes\" style=\"margin-top:0px;margin-bottom:20px;\"><div class=\"fusion-column-wrapper\"><div class=\"fusion-clearfix\"><\/div><\/div><\/div><div class=\"fusion-one-sixth fusion-layout-column fusion-spacing-yes\" style=\"margin-top:0px;margin-bottom:20px;\"><div class=\"fusion-column-wrapper\"><div class=\"fusion-clearfix\"><\/div><\/div><\/div><div class=\"fusion-one-sixth fusion-layout-column fusion-column-last fusion-spacing-yes\" style=\"margin-top:0px;margin-bottom:20px;\"><div class=\"fusion-column-wrapper\"><div class=\"fusion-clearfix\"><\/div><\/div><\/div><div class=\"fusion-clearfix\"><\/div><div class=\"fusion-fullwidth fullwidth-box fusion-fullwidth-3  fusion-parallax-none nonhundred-percent-fullwidth\" style=\"border-color:#eae9e9;border-bottom-width: 0px;border-top-width: 0px;border-bottom-style: solid;border-top-style: solid;padding-bottom:20px;padding-top:20px;padding-left:;padding-right:;\"><style type=\"text\/css\" scoped=\"scoped\">.fusion-fullwidth-3 {\n                            padding-left: px !important;\n                            padding-right: px !important;\n                        }<\/style><div class=\"fusion-row\"><p style=\"text-align: center;\">BO\u017bE NARODZENIE : 23.12.2025 &#8211; 27.12.2025, pobyt minimalny 4 doby<\/p>\n<p style=\"text-align: center;\">SYLWESTER: 27.12.2025 &#8211; 02.01.2026, pobyt minimalny 5 d\u00f3b<\/p>\n<p style=\"text-align: center;\">WIELKANOC: 03.04.2026 &#8211; 07.04.2026, pobyt minimalny 4 doby<\/p>\n<p style=\"text-align: center;\">D\u0141UGIE WEEKENDY: zgodnie z kalendarzem na rok 2025 \/2026 pobyt minimalny 4 doby<\/p>\n<p style=\"text-align: center;\">Wszystkie podane ceny s\u0105 cenami brutto, istnieje mo\u017cliwo\u015b\u0107 wystawienia faktury VAT<\/p>\n<p style=\"text-align: center;\">W przypadku wynaj\u0119cia domku przez mniejsz\u0105 ni\u017c maksymalna liczba os\u00f3b (domki Bystrzyk, Cis\u00f3wka: 6 os\u00f3b; domek Sokolica: 12 os\u00f3b) udost\u0119pniona zostanie liczba sypialni odpowiadaj\u0105ca liczbie os\u00f3b, za kt\u00f3r\u0105 wniesiono op\u0142at\u0119. Dla domku Bystrzyk, Cis\u00f3wka: od 1 do 4 os\u00f3b &#8211; udost\u0119pnione 2 sypialnie, od 5 do 6 os\u00f3b &#8211; udost\u0119pnione 3 sypialnie. Dla domku Sokolica: od 1 do 8 os\u00f3b &#8211; udost\u0119pnione 4 sypialnie, od 9 do\u00a0 12 os\u00f3b &#8211; udost\u0119pnione 5\u00a0 sypialni.<\/p>\n<p style=\"text-align: center;\">Do\u00a0 domk\u00f3w BYSTRZYK\/CIS\u00d3WKA\u00a0 istnieje mo\u017cliwo\u015b\u0107 dodania pe\u0142nowymiarowej, wygodnej dostawki (maksymalnie 1 w domku) w cenie 70,00 z\u0142\/dob\u0119 (powy\u017csza zasada nie dotyczy okresu \u015awi\u0105t Bo\u017cego Narodzenia, Wielkanocy oraz Sylwestra)<\/p>\n<p style=\"text-align: center;\">Dzieci do lat 3 bezp\u0142atnie<\/p>\n<p style=\"text-align: center;\">Parking bezp\u0142atny<\/p>\n<p style=\"text-align: center;\">Po\u015bciel do \u0142\u00f3\u017ceczka dzieci\u0119cego: 50,00 z\u0142 p\u0142atne jednorazowo<\/p>\n<p style=\"text-align: center;\">Pobyt zwierz\u0119cia: 40,00 z\u0142 za dob\u0119<\/p>\n<p style=\"text-align: center;\">Zastrzegamy sobie prawo do zmiany cennika<\/p>\n<\/div><\/div>\n","protected":false},"excerpt":{"rendered":"","protected":false},"author":1,"featured_media":0,"parent":0,"menu_order":0,"comment_status":"closed","ping_status":"closed","template":"100-width.php","meta":{"footnotes":""},"class_list":["post-12095","page","type-page","status-publish","hentry"],"aioseo_notices":[],"_links":{"self":[{"href":"https:\/\/czorsztyn.czterypory.info\/wynajem\/wp-json\/wp\/v2\/pages\/12095","targetHints":{"allow":["GET"]}}],"collection":[{"href":"https:\/\/czorsztyn.czterypory.info\/wynajem\/wp-json\/wp\/v2\/pages"}],"about":[{"href":"https:\/\/czorsztyn.czterypory.info\/wynajem\/wp-json\/wp\/v2\/types\/page"}],"author":[{"embeddable":true,"href":"https:\/\/czorsztyn.czterypory.info\/wynajem\/wp-json\/wp\/v2\/users\/1"}],"replies":[{"embeddable":true,"href":"https:\/\/czorsztyn.czterypory.info\/wynajem\/wp-json\/wp\/v2\/comments?post=12095"}],"version-history":[{"count":141,"href":"https:\/\/czorsztyn.czterypory.info\/wynajem\/wp-json\/wp\/v2\/pages\/12095\/revisions"}],"predecessor-version":[{"id":12579,"href":"https:\/\/czorsztyn.czterypory.info\/wynajem\/wp-json\/wp\/v2\/pages\/12095\/revisions\/12579"}],"wp:attachment":[{"href":"https:\/\/czorsztyn.czterypory.info\/wynajem\/wp-json\/wp\/v2\/media?parent=12095"}],"curies":[{"name":"wp","href":"https:\/\/api.w.org\/{rel}","templated":true}]}}